{"id":133,"date":"2024-03-05T13:37:28","date_gmt":"2024-03-05T12:37:28","guid":{"rendered":"https:\/\/carretillasvalcar.com\/?page_id=133"},"modified":"2024-03-05T13:41:48","modified_gmt":"2024-03-05T12:41:48","slug":"declaracion-de-accesibilidad","status":"publish","type":"page","link":"https:\/\/carretillasvalcar.com\/index.php\/declaracion-de-accesibilidad\/","title":{"rendered":"Declaraci\u00f3n de accesibilidad"},"content":{"rendered":"\t\t<div data-elementor-type=\"wp-page\" data-elementor-id=\"133\" class=\"elementor elementor-133\" data-elementor-post-type=\"page\">\n\t\t\t\t<div class=\"elementor-element elementor-element-58762316 e-flex e-con-boxed e-con e-parent\" data-id=\"58762316\" data-element_type=\"container\" data-settings=\"{&quot;background_background&quot;:&quot;classic&quot;}\">\n\t\t\t\t\t<div class=\"e-con-inner\">\n\t\t<div class=\"elementor-element elementor-element-735f9174 e-flex e-con-boxed e-con e-child\" data-id=\"735f9174\" data-element_type=\"container\" data-settings=\"{&quot;background_background&quot;:&quot;classic&quot;}\">\n\t\t\t\t\t<div class=\"e-con-inner\">\n\t\t\t\t<div class=\"elementor-element elementor-element-24b8351c elementor-widget elementor-widget-heading\" data-id=\"24b8351c\" data-element_type=\"widget\" data-widget_type=\"heading.default\">\n\t\t\t\t<div class=\"elementor-widget-container\">\n\t\t\t<style>\/*! elementor - v3.21.0 - 30-04-2024 *\/\n.elementor-heading-title{padding:0;margin:0;line-height:1}.elementor-widget-heading .elementor-heading-title[class*=elementor-size-]>a{color:inherit;font-size:inherit;line-height:inherit}.elementor-widget-heading .elementor-heading-title.elementor-size-small{font-size:15px}.elementor-widget-heading .elementor-heading-title.elementor-size-medium{font-size:19px}.elementor-widget-heading .elementor-heading-title.elementor-size-large{font-size:29px}.elementor-widget-heading .elementor-heading-title.elementor-size-xl{font-size:39px}.elementor-widget-heading .elementor-heading-title.elementor-size-xxl{font-size:59px}<\/style><h2 class=\"elementor-heading-title elementor-size-default\">Declaraci\u00f3n de accesibilidad<\/h2>\t\t<\/div>\n\t\t\t\t<\/div>\n\t\t\t\t<div class=\"elementor-element elementor-element-754ca32 elementor-widget elementor-widget-text-editor\" data-id=\"754ca32\" data-element_type=\"widget\" data-widget_type=\"text-editor.default\">\n\t\t\t\t<div class=\"elementor-widget-container\">\n\t\t\t<style>\/*! elementor - v3.21.0 - 30-04-2024 *\/\n.elementor-widget-text-editor.elementor-drop-cap-view-stacked .elementor-drop-cap{background-color:#69727d;color:#fff}.elementor-widget-text-editor.elementor-drop-cap-view-framed .elementor-drop-cap{color:#69727d;border:3px solid;background-color:transparent}.elementor-widget-text-editor:not(.elementor-drop-cap-view-default) .elementor-drop-cap{margin-top:8px}.elementor-widget-text-editor:not(.elementor-drop-cap-view-default) .elementor-drop-cap-letter{width:1em;height:1em}.elementor-widget-text-editor .elementor-drop-cap{float:left;text-align:center;line-height:1;font-size:50px}.elementor-widget-text-editor .elementor-drop-cap-letter{display:inline-block}<\/style>\t\t\t\t<p>VALENCIANA PARA LA REPARACION DE CARRETILLAS SL a 05\/03\/2024 se compromete a proporcionar un sitio web accesible para una audiencia lo m\u00e1s amplia posible, independientemente de las circunstancias y la capacidad. Nuestro objetivo es cumplir de la manera m\u00e1s cercana posible a las Pautas de Accesibilidad para el Contenido Web (WCAG 2.0, Nivel AA), publicadas por el Consorcio WWW, o seg\u00fan su nombre en ingl\u00e9s, World Wide Web Consortuium (W3C). Estas pautas explican c\u00f3mo lograr que el contenido web sea m\u00e1s accesible para las personas con discapacidad. El cumplimiento de estas pautas ayudar\u00e1 a que el sitio sea m\u00e1s f\u00e1cil de usar y amigable para todos los usuarios. Si bien Jogartec.com se esfuerza por cumplir con las pautas y est\u00e1ndares de accesibilidad, no siempre es posible hacerlo en todas sus \u00e1reas y actualmente estamos trabajando para lograrlo. Ten en cuenta que debido a la naturaleza din\u00e1mica del sitio web, pueden surgir inconvenientes menores, ya que se actualiza con regularidad. Continuamente buscamos soluciones que lleven todas las \u00e1reas del sitio al mismo nivel de accesibilidad web general.\u00a0<\/p><p>Si tienes alg\u00fan comentario o sugerencia relacionados con la mejora de la accesibilidad de nuestro sitio, por favor no dudes en contactar a nuestro coordinador de accesibilidad JOSE PABLO G\u00d3MEZ al\u00a0 correo VALCARSL@HOTMAIL.ES. Tus comentarios nos ayudar\u00e1n a hacer las mejoras.<\/p>\t\t\t\t\t\t<\/div>\n\t\t\t\t<\/div>\n\t\t\t\t\t<\/div>\n\t\t\t\t<\/div>\n\t\t\t\t\t<\/div>\n\t\t\t\t<\/div>\n\t\t\t\t<\/div>\n\t\t","protected":false},"excerpt":{"rendered":"<p>VALENCIANA PARA LA REPARACION DE CARRETILLAS SL a 05\/03\/2024 se compromete a proporcionar un sitio web accesible para una audiencia lo m\u00e1s amplia posible, independientemente de las circunstancias y la capacidad. Nuestro objetivo es cumplir de la manera m\u00e1s cercana posible a las Pautas de Accesibilidad para el Contenido Web (WCAG 2.0, Nivel AA), publicadas [&hellip;]<\/p>\n","protected":false},"author":1,"featured_media":0,"parent":0,"menu_order":0,"comment_status":"closed","ping_status":"closed","template":"","meta":{"footnotes":""},"_links":{"self":[{"href":"https:\/\/carretillasvalcar.com\/index.php\/wp-json\/wp\/v2\/pages\/133"}],"collection":[{"href":"https:\/\/carretillasvalcar.com\/index.php\/wp-json\/wp\/v2\/pages"}],"about":[{"href":"https:\/\/carretillasvalcar.com\/index.php\/wp-json\/wp\/v2\/types\/page"}],"author":[{"embeddable":true,"href":"https:\/\/carretillasvalcar.com\/index.php\/wp-json\/wp\/v2\/users\/1"}],"replies":[{"embeddable":true,"href":"https:\/\/carretillasvalcar.com\/index.php\/wp-json\/wp\/v2\/comments?post=133"}],"version-history":[{"count":7,"href":"https:\/\/carretillasvalcar.com\/index.php\/wp-json\/wp\/v2\/pages\/133\/revisions"}],"predecessor-version":[{"id":144,"href":"https:\/\/carretillasvalcar.com\/index.php\/wp-json\/wp\/v2\/pages\/133\/revisions\/144"}],"wp:attachment":[{"href":"https:\/\/carretillasvalcar.com\/index.php\/wp-json\/wp\/v2\/media?parent=133"}],"curies":[{"name":"wp","href":"https:\/\/api.w.org\/{rel}","templated":true}]}}